{"id":15693,"date":"2024-09-09T08:29:31","date_gmt":"2024-09-09T08:29:31","guid":{"rendered":"https:\/\/3dfilkemp.com\/product\/pla-blend\/"},"modified":"2026-01-06T19:13:48","modified_gmt":"2026-01-06T19:13:48","slug":"pla-blend","status":"publish","type":"product","link":"https:\/\/3dfilkemp.com\/pt-pt\/product\/pla-blend\/","title":{"rendered":"PLA"},"content":{"rendered":"<div class=\"wpb-content-wrapper\"><p>[vc_row][vc_column][vc_column_text css=&#8221;&#8221; woodmart_inline=&#8221;no&#8221; text_larger=&#8221;no&#8221;]<i>Configura\u00e7\u00f5es de impress\u00e3o recomendadas:<\/i><\/p>\n<p class=\"\" data-start=\"778\" data-end=\"827\"><strong data-start=\"778\" data-end=\"811\">Temperatura de impress\u00e3o aconselhada:<\/strong><br data-start=\"811\" data-end=\"814\" \/>\u00b1 200\u2013215\u00b0C<\/p>\n<p class=\"\" data-start=\"829\" data-end=\"859\"><strong data-start=\"829\" data-end=\"848\">Ventila\u00e7\u00e3o aconselhada:<\/strong><br data-start=\"848\" data-end=\"851\" \/>0%\u201350%<\/p>\n<p class=\"\" data-start=\"861\" data-end=\"897\"><strong data-start=\"861\" data-end=\"883\">Mesa aquecida aconselhada:<\/strong><br data-start=\"883\" data-end=\"886\" \/>\u00b1 40\u201360\u00b0C<\/p>\n<p>[\/vc_column_text][\/vc_column][\/vc_row]<\/p>\n<\/div>","protected":false},"excerpt":{"rendered":"<p data-start=\"57\" data-end=\"266\">O PLA (\u00e1cido polil\u00e1ctico) \u00e9 um biopol\u00edmero vers\u00e1til, f\u00e1cil de utilizar e de imprimir, que oferece elevada resist\u00eancia e robustez. Com excelente ades\u00e3o entre camadas, garante impress\u00f5es precisas e duradouras.<\/p>\n<ul data-start=\"268\" data-end=\"533\" data-is-last-node=\"\" data-is-only-node=\"\">\n<li data-start=\"268\" data-end=\"322\">\n<p data-start=\"270\" data-end=\"322\"><strong>Boa resist\u00eancia \u00e0 tra\u00e7\u00e3o e qualidade de superf\u00edcie<\/strong><\/p>\n<\/li>\n<li data-start=\"323\" data-end=\"378\">\n<p data-start=\"325\" data-end=\"378\"><strong>Produzido a partir de fontes org\u00e2nicas e renov\u00e1veis<\/strong><\/p>\n<\/li>\n<li data-start=\"379\" data-end=\"420\">\n<p data-start=\"381\" data-end=\"420\"><strong>Material vers\u00e1til e f\u00e1cil de imprimir<\/strong><\/p>\n<\/li>\n<li data-start=\"421\" data-end=\"504\">\n<p data-start=\"423\" data-end=\"504\"><strong>Toler\u00e2ncia m\u00ednima e baixa deforma\u00e7\u00e3o para assegurar uma alimenta\u00e7\u00e3o consistente<\/strong><\/p>\n<\/li>\n<li data-start=\"505\" data-end=\"533\" data-is-last-node=\"\">\n<p data-start=\"507\" data-end=\"533\" data-is-last-node=\"\"><strong>Perfeito para uso di\u00e1rio<\/strong><\/p>\n<\/li>\n<\/ul>\n","protected":false},"featured_media":14766,"template":"","meta":{"_acf_changed":false,"om_disable_all_campaigns":false,"_uf_show_specific_survey":0,"_uf_disable_surveys":false},"product_brand":[],"product_cat":[418],"product_tag":[],"class_list":{"0":"post-15693","1":"product","2":"type-product","3":"status-publish","4":"has-post-thumbnail","6":"product_cat-pla-pt-pt","7":"product_shipping_class-standard-shipping-pt-pt","8":"product-id-15693","10":"first","11":"instock","12":"taxable","13":"shipping-taxable","14":"purchasable","15":"product-type-variable"},"acf":[],"aioseo_notices":[],"_links":{"self":[{"href":"https:\/\/3dfilkemp.com\/pt-pt\/wp-json\/wp\/v2\/product\/15693","targetHints":{"allow":["GET"]}}],"collection":[{"href":"https:\/\/3dfilkemp.com\/pt-pt\/wp-json\/wp\/v2\/product"}],"about":[{"href":"https:\/\/3dfilkemp.com\/pt-pt\/wp-json\/wp\/v2\/types\/product"}],"wp:featuredmedia":[{"embeddable":true,"href":"https:\/\/3dfilkemp.com\/pt-pt\/wp-json\/wp\/v2\/media\/14766"}],"wp:attachment":[{"href":"https:\/\/3dfilkemp.com\/pt-pt\/wp-json\/wp\/v2\/media?parent=15693"}],"wp:term":[{"taxonomy":"product_brand","embeddable":true,"href":"https:\/\/3dfilkemp.com\/pt-pt\/wp-json\/wp\/v2\/product_brand?post=15693"},{"taxonomy":"product_cat","embeddable":true,"href":"https:\/\/3dfilkemp.com\/pt-pt\/wp-json\/wp\/v2\/product_cat?post=15693"},{"taxonomy":"product_tag","embeddable":true,"href":"https:\/\/3dfilkemp.com\/pt-pt\/wp-json\/wp\/v2\/product_tag?post=15693"}],"curies":[{"name":"wp","href":"https:\/\/api.w.org\/{rel}","templated":true}]}}