{"id":15712,"date":"2019-05-15T05:41:07","date_gmt":"2019-05-15T05:41:07","guid":{"rendered":"https:\/\/3dfilkemp.com\/product\/nylon-blend\/"},"modified":"2025-09-24T13:59:17","modified_gmt":"2025-09-24T13:59:17","slug":"nylon-blend","status":"publish","type":"product","link":"https:\/\/3dfilkemp.com\/pt-pt\/product\/nylon-blend\/","title":{"rendered":"Nylon"},"content":{"rendered":"<div class=\"wpb-content-wrapper\"><p>[vc_row][vc_column][vc_column_text css=&#8221;&#8221; woodmart_inline=&#8221;no&#8221; text_larger=&#8221;no&#8221;]<i>Defini\u00e7\u00f5es de impress\u00e3o recomendadas:<\/i><\/p>\n<p class=\"\" data-start=\"778\" data-end=\"827\"><strong data-start=\"778\" data-end=\"811\">Temperatura de impress\u00e3o aconselhada:<\/strong><br data-start=\"811\" data-end=\"814\" \/>\u00b1 235\u2013250\u00b0C<\/p>\n<p class=\"\" data-start=\"829\" data-end=\"859\"><strong data-start=\"829\" data-end=\"848\">Ventila\u00e7\u00e3o aconselhada:<\/strong><br data-start=\"848\" data-end=\"851\" \/>0%\u201350%<\/p>\n<p class=\"\" data-start=\"861\" data-end=\"897\"><strong data-start=\"861\" data-end=\"883\">Temperatura da mesa aquecida aconselhada:<\/strong><br data-start=\"883\" data-end=\"886\" \/>\u00b1 20\u201360\u00b0C<\/p>\n<p>[\/vc_column_text][\/vc_column][\/vc_row]<\/p>\n<\/div>","protected":false},"excerpt":{"rendered":"<p data-start=\"57\" data-end=\"199\"><strong>O filamento de nylon avan\u00e7ado da Filkemp, com estrutura molecular desenvolvida, garante maior durabilidade ap\u00f3s a abertura da embalagem.<\/strong><\/p>\n<p data-start=\"201\" data-end=\"415\">Ideal para modela\u00e7\u00e3o e prototipagem industrial, as suas caracter\u00edsticas semi-flex\u00edveis permitem obter resultados semelhantes a pe\u00e7as injetadas, criando impress\u00f5es resistentes e de elevada durabilidade ao impacto.<\/p>\n<ul data-start=\"417\" data-end=\"766\" data-is-last-node=\"\" data-is-only-node=\"\">\n<li data-start=\"417\" data-end=\"476\">\n<p data-start=\"419\" data-end=\"476\"><strong>Ideal para modela\u00e7\u00e3o industrial<\/strong> e prototipagem de pe\u00e7as<\/p>\n<\/li>\n<li data-start=\"477\" data-end=\"592\">\n<p data-start=\"479\" data-end=\"592\"><strong>Arrefecimento r\u00e1pido<\/strong> \u2014 nylon de baixa temperatura concebido para extrus\u00e3o a ~230 \u00b0C com arrefecimento acelerado<\/p>\n<\/li>\n<li data-start=\"593\" data-end=\"682\">\n<p data-start=\"595\" data-end=\"682\"><strong>Material semi-flex\u00edvel<\/strong> que produz resultados semelhantes a pe\u00e7as moldadas por inje\u00e7\u00e3o<\/p>\n<\/li>\n<li data-start=\"683\" data-end=\"766\" data-is-last-node=\"\">\n<p data-start=\"685\" data-end=\"766\" data-is-last-node=\"\"><strong>Resistente, com elevada durabilidade ao impacto<\/strong> e excelente resist\u00eancia t\u00e9rmica<\/p>\n<\/li>\n<\/ul>\n","protected":false},"featured_media":14669,"template":"","meta":{"_acf_changed":false,"om_disable_all_campaigns":false,"_uf_show_specific_survey":0,"_uf_disable_surveys":false},"product_brand":[],"product_cat":[429],"product_tag":[],"class_list":{"0":"post-15712","1":"product","2":"type-product","3":"status-publish","4":"has-post-thumbnail","6":"product_cat-nylon-pt-pt","7":"product_shipping_class-standard-shipping-pt-pt","8":"product-id-15712","10":"first","11":"instock","12":"taxable","13":"shipping-taxable","14":"purchasable","15":"product-type-variable"},"acf":[],"aioseo_notices":[],"_links":{"self":[{"href":"https:\/\/3dfilkemp.com\/pt-pt\/wp-json\/wp\/v2\/product\/15712","targetHints":{"allow":["GET"]}}],"collection":[{"href":"https:\/\/3dfilkemp.com\/pt-pt\/wp-json\/wp\/v2\/product"}],"about":[{"href":"https:\/\/3dfilkemp.com\/pt-pt\/wp-json\/wp\/v2\/types\/product"}],"wp:featuredmedia":[{"embeddable":true,"href":"https:\/\/3dfilkemp.com\/pt-pt\/wp-json\/wp\/v2\/media\/14669"}],"wp:attachment":[{"href":"https:\/\/3dfilkemp.com\/pt-pt\/wp-json\/wp\/v2\/media?parent=15712"}],"wp:term":[{"taxonomy":"product_brand","embeddable":true,"href":"https:\/\/3dfilkemp.com\/pt-pt\/wp-json\/wp\/v2\/product_brand?post=15712"},{"taxonomy":"product_cat","embeddable":true,"href":"https:\/\/3dfilkemp.com\/pt-pt\/wp-json\/wp\/v2\/product_cat?post=15712"},{"taxonomy":"product_tag","embeddable":true,"href":"https:\/\/3dfilkemp.com\/pt-pt\/wp-json\/wp\/v2\/product_tag?post=15712"}],"curies":[{"name":"wp","href":"https:\/\/api.w.org\/{rel}","templated":true}]}}