{"id":15724,"date":"2019-05-14T14:03:21","date_gmt":"2019-05-14T14:03:21","guid":{"rendered":"https:\/\/3dfilkemp.com\/product\/pln-blend\/"},"modified":"2025-09-24T13:59:13","modified_gmt":"2025-09-24T13:59:13","slug":"pln-blend","status":"publish","type":"product","link":"https:\/\/3dfilkemp.com\/pt-pt\/product\/pln-blend\/","title":{"rendered":"PLN"},"content":{"rendered":"<div class=\"wpb-content-wrapper\"><p>[vc_row][vc_column][vc_column_text css=&#8221;&#8221; woodmart_inline=&#8221;no&#8221; text_larger=&#8221;no&#8221;]<i>Defini\u00e7\u00f5es de impress\u00e3o recomendadas:<\/i><\/p>\n<p class=\"\" data-start=\"778\" data-end=\"827\"><strong data-start=\"778\" data-end=\"811\">Temperatura de impress\u00e3o aconselhada:<\/strong><br data-start=\"811\" data-end=\"814\" \/>\u00b1 200\u2013215\u00b0C<\/p>\n<p class=\"\" data-start=\"829\" data-end=\"859\"><strong data-start=\"829\" data-end=\"848\">Ventila\u00e7\u00e3o aconselhada:<\/strong><br data-start=\"848\" data-end=\"851\" \/>0%\u201350%<\/p>\n<p class=\"\" data-start=\"861\" data-end=\"897\"><strong data-start=\"861\" data-end=\"883\">Temperatura da mesa aquecida aconselhada:<\/strong><br data-start=\"883\" data-end=\"886\" \/>\u00b1 40\u201360\u00b0C<\/p>\n<p>[\/vc_column_text][\/vc_column][\/vc_row]<\/p>\n<\/div>","protected":false},"excerpt":{"rendered":"<p data-start=\"57\" data-end=\"386\">O <strong data-start=\"59\" data-end=\"66\">PLN<\/strong> \u00e9 o biopol\u00edmero ideal para ferramentas, prototipagem e diversas aplica\u00e7\u00f5es industriais. Concebido para substituir o ABS, oferece elevada resist\u00eancia mec\u00e2nica e ao impacto, bem como resist\u00eancia a temperaturas at\u00e9 <strong data-start=\"279\" data-end=\"289\">170 \u00b0C<\/strong> ap\u00f3s tratamento t\u00e9rmico (<em data-start=\"315\" data-end=\"326\">annealing<\/em>), resultando em impress\u00f5es robustas e tamb\u00e9m maquin\u00e1veis.<\/p>\n<ul data-start=\"388\" data-end=\"809\" data-is-last-node=\"\" data-is-only-node=\"\">\n<li data-start=\"388\" data-end=\"479\">\n<p data-start=\"390\" data-end=\"479\"><strong data-start=\"390\" data-end=\"421\">Maior resist\u00eancia ao calor:<\/strong> o PLN suporta temperaturas at\u00e9 170 \u00b0C ap\u00f3s <em data-start=\"465\" data-end=\"476\">annealing<\/em>.<\/p>\n<\/li>\n<li data-start=\"480\" data-end=\"586\">\n<p data-start=\"482\" data-end=\"586\"><strong data-start=\"482\" data-end=\"517\">Ades\u00e3o entre camadas melhorada:<\/strong> proporciona impress\u00f5es mais suaves com maior liga\u00e7\u00e3o intercamadas.<\/p>\n<\/li>\n<li data-start=\"587\" data-end=\"684\">\n<p data-start=\"589\" data-end=\"684\"><strong data-start=\"589\" data-end=\"610\">Baixa deforma\u00e7\u00e3o:<\/strong> garante alimenta\u00e7\u00e3o consistente e m\u00ednima distor\u00e7\u00e3o durante a impress\u00e3o.<\/p>\n<\/li>\n<li data-start=\"685\" data-end=\"809\" data-is-last-node=\"\">\n<p data-start=\"687\" data-end=\"809\" data-is-last-node=\"\"><strong data-start=\"687\" data-end=\"707\">Alta velocidade:<\/strong> material de impress\u00e3o 3D especialmente formulado para impress\u00e3o r\u00e1pida sem comprometer a qualidade.<\/p>\n<\/li>\n<\/ul>\n","protected":false},"featured_media":14695,"template":"","meta":{"_acf_changed":false,"om_disable_all_campaigns":false,"_uf_show_specific_survey":0,"_uf_disable_surveys":false},"product_brand":[],"product_cat":[433],"product_tag":[],"class_list":{"0":"post-15724","1":"product","2":"type-product","3":"status-publish","4":"has-post-thumbnail","6":"product_cat-pln-pt-pt","7":"product_shipping_class-standard-shipping-pt-pt","8":"product-id-15724","10":"first","11":"instock","12":"taxable","13":"shipping-taxable","14":"purchasable","15":"product-type-variable"},"acf":[],"aioseo_notices":[],"_links":{"self":[{"href":"https:\/\/3dfilkemp.com\/pt-pt\/wp-json\/wp\/v2\/product\/15724","targetHints":{"allow":["GET"]}}],"collection":[{"href":"https:\/\/3dfilkemp.com\/pt-pt\/wp-json\/wp\/v2\/product"}],"about":[{"href":"https:\/\/3dfilkemp.com\/pt-pt\/wp-json\/wp\/v2\/types\/product"}],"wp:featuredmedia":[{"embeddable":true,"href":"https:\/\/3dfilkemp.com\/pt-pt\/wp-json\/wp\/v2\/media\/14695"}],"wp:attachment":[{"href":"https:\/\/3dfilkemp.com\/pt-pt\/wp-json\/wp\/v2\/media?parent=15724"}],"wp:term":[{"taxonomy":"product_brand","embeddable":true,"href":"https:\/\/3dfilkemp.com\/pt-pt\/wp-json\/wp\/v2\/product_brand?post=15724"},{"taxonomy":"product_cat","embeddable":true,"href":"https:\/\/3dfilkemp.com\/pt-pt\/wp-json\/wp\/v2\/product_cat?post=15724"},{"taxonomy":"product_tag","embeddable":true,"href":"https:\/\/3dfilkemp.com\/pt-pt\/wp-json\/wp\/v2\/product_tag?post=15724"}],"curies":[{"name":"wp","href":"https:\/\/api.w.org\/{rel}","templated":true}]}}